{"id":541,"date":"2018-11-27T09:17:08","date_gmt":"2018-11-27T08:17:08","guid":{"rendered":"http:\/\/atv-carasova.com\/about\/"},"modified":"2023-03-20T21:18:25","modified_gmt":"2023-03-20T20:18:25","slug":"despre-noi","status":"publish","type":"page","link":"https:\/\/atv-carasova.com\/?page_id=541","title":{"rendered":"Despre noi"},"content":{"rendered":"\t\t<div data-elementor-type=\"wp-post\" data-elementor-id=\"541\" class=\"elementor elementor-541\">\n\t\t\t\t\t\t<section class=\"elementor-section elementor-top-section elementor-element elementor-element-d7d8b56 elementor-section-boxed elementor-section-height-default elementor-section-height-default\" data-id=\"d7d8b56\" data-element_type=\"section\" data-settings=\"{&quot;background_background&quot;:&quot;classic&quot;}\">\n\t\t\t\t\t\t\t<div class=\"elementor-background-overlay\"><\/div>\n\t\t\t\t\t\t\t<div class=\"elementor-container elementor-column-gap-default\">\n\t\t\t\t\t<div class=\"elementor-column elementor-col-100 elementor-top-column elementor-element elementor-element-fd69444\" data-id=\"fd69444\" data-element_type=\"column\">\n\t\t\t<div class=\"elementor-widget-wrap elementor-element-populated\">\n\t\t\t\t\t\t<div class=\"elementor-element elementor-element-abcc2f2 elementor-widget elementor-widget-heading\" data-id=\"abcc2f2\" data-element_type=\"widget\" data-widget_type=\"heading.default\">\n\t\t\t\t<div class=\"elementor-widget-container\">\n\t\t\t\t\t<h1 class=\"elementor-heading-title elementor-size-default\">Cine suntem:<\/h1>\t\t\t\t<\/div>\n\t\t\t\t<\/div>\n\t\t\t\t\t<\/div>\n\t\t<\/div>\n\t\t\t\t\t<\/div>\n\t\t<\/section>\n\t\t\t\t<section class=\"elementor-section elementor-top-section elementor-element elementor-element-5c40d7b elementor-section-boxed elementor-section-height-default elementor-section-height-default\" data-id=\"5c40d7b\" data-element_type=\"section\">\n\t\t\t\t\t\t<div class=\"elementor-container elementor-column-gap-default\">\n\t\t\t\t\t<div class=\"elementor-column elementor-col-50 elementor-top-column elementor-element elementor-element-2ebbf9c\" data-id=\"2ebbf9c\" data-element_type=\"column\">\n\t\t\t<div class=\"elementor-widget-wrap elementor-element-populated\">\n\t\t\t\t\t\t<div class=\"elementor-element elementor-element-fe195c7 elementor-widget elementor-widget-heading\" data-id=\"fe195c7\" data-element_type=\"widget\" data-widget_type=\"heading.default\">\n\t\t\t\t<div class=\"elementor-widget-container\">\n\t\t\t\t\t<h2 class=\"elementor-heading-title elementor-size-default\">Despre noi<\/h2>\t\t\t\t<\/div>\n\t\t\t\t<\/div>\n\t\t\t\t<div class=\"elementor-element elementor-element-dc051dd elementor-widget-divider--view-line elementor-widget elementor-widget-divider\" data-id=\"dc051dd\" data-element_type=\"widget\" data-widget_type=\"divider.default\">\n\t\t\t\t<div class=\"elementor-widget-container\">\n\t\t\t\t\t\t\t<div class=\"elementor-divider\">\n\t\t\t<span class=\"elementor-divider-separator\">\n\t\t\t\t\t\t<\/span>\n\t\t<\/div>\n\t\t\t\t\t\t<\/div>\n\t\t\t\t<\/div>\n\t\t\t\t<div class=\"elementor-element elementor-element-e5f497e elementor-widget elementor-widget-text-editor\" data-id=\"e5f497e\" data-element_type=\"widget\" data-widget_type=\"text-editor.default\">\n\t\t\t\t<div class=\"elementor-widget-container\">\n\t\t\t\t\t\t\t\t\t<p>Ideea de afacere s-a conturat treptat&#8230; Am crescut la \u021bar\u0103, \u00een casa bunicilor din Cara\u0219ova, locul unde inten\u021bion\u0103m s\u0103 derul\u0103m activitatea. \u00centotdeauna am considerat c\u0103 locul este mult subevaluat \u00een ceea ce prive\u0219te poten\u021bialul turistic.<br \/>Exist\u0103 cateva spa\u021bii de cazare \u00een zon\u0103, dar lipsesc cu des\u0103v\u00e2r\u0219ire activit\u0103\u021bi turistice organizate, ceea ce face ca un sejur sa dureze in general 2 zile.<\/p>\t\t\t\t\t\t\t\t<\/div>\n\t\t\t\t<\/div>\n\t\t\t\t<div class=\"elementor-element elementor-element-5dcd18a elementor-widget elementor-widget-text-editor\" data-id=\"5dcd18a\" data-element_type=\"widget\" data-widget_type=\"text-editor.default\">\n\t\t\t\t<div class=\"elementor-widget-container\">\n\t\t\t\t\t\t\t\t\t<p>Ne dorim s\u0103 vedem zona ridic\u00e2ndu-se \u0219i credem c\u0103 una din metode ar fi impulsionarea turismului. Suntem pasiona\u021bi de natur\u0103, de drume\u021bii \u0219i iubim traseele \u0219i peisajele montane, at\u00e2t \u201c\u00een jurul casei\u201d, pe Cheile Cara\u0219ului, c\u00e2t \u0219i \u00een destina\u021bii<br \/>mai \u00eendep\u0103rtate.<\/p>\t\t\t\t\t\t\t\t<\/div>\n\t\t\t\t<\/div>\n\t\t\t\t\t<\/div>\n\t\t<\/div>\n\t\t\t\t<div class=\"elementor-column elementor-col-50 elementor-top-column elementor-element elementor-element-e5fdae0\" data-id=\"e5fdae0\" data-element_type=\"column\">\n\t\t\t<div class=\"elementor-widget-wrap elementor-element-populated\">\n\t\t\t\t\t\t<div class=\"elementor-element elementor-element-96b5b53 elementor-widget elementor-widget-image\" data-id=\"96b5b53\" data-element_type=\"widget\" data-widget_type=\"image.default\">\n\t\t\t\t<div class=\"elementor-widget-container\">\n\t\t\t\t\t\t\t\t\t\t\t\t\t\t\t<img fetchpriority=\"high\" decoding=\"async\" width=\"1170\" height=\"815\" src=\"https:\/\/atv-carasova.com\/wp-content\/uploads\/2022\/09\/251177696_4473408689381578_2635160481150123657_n.jpg\" class=\"attachment-full size-full wp-image-616\" alt=\"\" srcset=\"https:\/\/atv-carasova.com\/wp-content\/uploads\/2022\/09\/251177696_4473408689381578_2635160481150123657_n.jpg 1170w, https:\/\/atv-carasova.com\/wp-content\/uploads\/2022\/09\/251177696_4473408689381578_2635160481150123657_n-300x209.jpg 300w, https:\/\/atv-carasova.com\/wp-content\/uploads\/2022\/09\/251177696_4473408689381578_2635160481150123657_n-1024x713.jpg 1024w, https:\/\/atv-carasova.com\/wp-content\/uploads\/2022\/09\/251177696_4473408689381578_2635160481150123657_n-768x535.jpg 768w\" sizes=\"(max-width: 1170px) 100vw, 1170px\" \/>\t\t\t\t\t\t\t\t\t\t\t\t\t\t\t<\/div>\n\t\t\t\t<\/div>\n\t\t\t\t\t<\/div>\n\t\t<\/div>\n\t\t\t\t\t<\/div>\n\t\t<\/section>\n\t\t\t\t<section class=\"elementor-section elementor-top-section elementor-element elementor-element-e90a943 elementor-section-boxed elementor-section-height-default elementor-section-height-default\" data-id=\"e90a943\" data-element_type=\"section\">\n\t\t\t\t\t\t<div class=\"elementor-container elementor-column-gap-default\">\n\t\t\t\t\t<div class=\"elementor-column elementor-col-100 elementor-top-column elementor-element elementor-element-2126f92\" data-id=\"2126f92\" data-element_type=\"column\">\n\t\t\t<div class=\"elementor-widget-wrap elementor-element-populated\">\n\t\t\t\t\t\t<div class=\"elementor-element elementor-element-d8f9f49 elementor-widget elementor-widget-text-editor\" data-id=\"d8f9f49\" data-element_type=\"widget\" data-widget_type=\"text-editor.default\">\n\t\t\t\t<div class=\"elementor-widget-container\">\n\t\t\t\t\t\t\t\t\t<p>Un aspect foarte important, consider\u0103m noi, este faptul c\u0103, av\u00e2nd un baie\u021bel si v\u0103z\u00e2nd importan\u021ba naturii \u00een via\u021ba oamenilor, ne dorim s\u0103 \u00eencurajam pe toat\u0103 lumea, de la mic la mare, s\u0103 petreaca c\u00e2t mai mult timp \u00een natur\u0103, departe de televizor, tablet\u0103 \u0219i telefon (at\u00e2t c\u00e2t este posibil) \u2013 instrumente utile in felul lor, dar care pot produce mari probleme dac\u0103 sunt folosite excesiv, mai ales de c\u0103tre copii.<\/p>\t\t\t\t\t\t\t\t<\/div>\n\t\t\t\t<\/div>\n\t\t\t\t<div class=\"elementor-element elementor-element-9e54541 elementor-widget elementor-widget-text-editor\" data-id=\"9e54541\" data-element_type=\"widget\" data-widget_type=\"text-editor.default\">\n\t\t\t\t<div class=\"elementor-widget-container\">\n\t\t\t\t\t\t\t\t\t<p>Am ini\u021biat acesta activitate cu g\u00e2ndul de a face ceva at\u00e2t pentru zona \u00een care am copil\u0103rit, c\u00e2t \u0219i pentru turi\u0219tii care merit\u0103 s\u0103 descopere frumuse\u021bea, unicitatea \u0219i splendoarea Cheilor Cara\u0219ului &#8211; un loc de poveste, o oaz\u0103 de s\u0103n\u0103tate, care merit\u0103 vizitat \u0219i la care oamenii se \u00eentorc mereu.<\/p>\t\t\t\t\t\t\t\t<\/div>\n\t\t\t\t<\/div>\n\t\t\t\t\t<\/div>\n\t\t<\/div>\n\t\t\t\t\t<\/div>\n\t\t<\/section>\n\t\t\t\t<\/div>\n\t\t","protected":false},"excerpt":{"rendered":"<p>Cine suntem: Despre noi Ideea de afacere s-a conturat treptat&#8230; Am crescut la \u021bar\u0103, \u00een casa bunicilor din Cara\u0219ova, locul unde inten\u021bion\u0103m s\u0103 derul\u0103m activitatea. \u00centotdeauna am considerat c\u0103 locul este mult subevaluat \u00een ceea ce prive\u0219te poten\u021bialul turistic.Exist\u0103 cateva spa\u021bii de cazare \u00een zon\u0103, dar lipsesc cu des\u0103v\u00e2r\u0219ire activit\u0103\u021bi turistice organizate, ceea ce face &hellip;<\/p>\n<p class=\"read-more\"> <a class=\"\" href=\"https:\/\/atv-carasova.com\/?page_id=541\"> <span class=\"screen-reader-text\">Despre noi<\/span> Read More &raquo;<\/a><\/p>\n","protected":false},"author":1,"featured_media":0,"parent":0,"menu_order":0,"comment_status":"closed","ping_status":"closed","template":"","meta":{"site-sidebar-layout":"no-sidebar","site-content-layout":"page-builder","ast-global-header-display":"","ast-banner-title-visibility":"","ast-main-header-display":"","ast-hfb-above-header-display":"","ast-hfb-below-header-display":"","ast-hfb-mobile-header-display":"","site-post-title":"disabled","ast-breadcrumbs-content":"","ast-featured-img":"disabled","footer-sml-layout":"","theme-transparent-header-meta":"enabled","adv-header-id-meta":"","stick-header-meta":"","header-above-stick-meta":"","header-main-stick-meta":"","header-below-stick-meta":"","footnotes":""},"class_list":["post-541","page","type-page","status-publish","hentry"],"_links":{"self":[{"href":"https:\/\/atv-carasova.com\/index.php?rest_route=\/wp\/v2\/pages\/541","targetHints":{"allow":["GET"]}}],"collection":[{"href":"https:\/\/atv-carasova.com\/index.php?rest_route=\/wp\/v2\/pages"}],"about":[{"href":"https:\/\/atv-carasova.com\/index.php?rest_route=\/wp\/v2\/types\/page"}],"author":[{"embeddable":true,"href":"https:\/\/atv-carasova.com\/index.php?rest_route=\/wp\/v2\/users\/1"}],"replies":[{"embeddable":true,"href":"https:\/\/atv-carasova.com\/index.php?rest_route=%2Fwp%2Fv2%2Fcomments&post=541"}],"version-history":[{"count":3,"href":"https:\/\/atv-carasova.com\/index.php?rest_route=\/wp\/v2\/pages\/541\/revisions"}],"predecessor-version":[{"id":1166,"href":"https:\/\/atv-carasova.com\/index.php?rest_route=\/wp\/v2\/pages\/541\/revisions\/1166"}],"wp:attachment":[{"href":"https:\/\/atv-carasova.com\/index.php?rest_route=%2Fwp%2Fv2%2Fmedia&parent=541"}],"curies":[{"name":"wp","href":"https:\/\/api.w.org\/{rel}","templated":true}]}}