{"id":542,"date":"2018-11-27T09:17:28","date_gmt":"2018-11-27T08:17:28","guid":{"rendered":"http:\/\/atv-carasova.com\/services\/"},"modified":"2023-06-01T21:03:37","modified_gmt":"2023-06-01T19:03:37","slug":"trasee","status":"publish","type":"page","link":"https:\/\/atv-carasova.com\/?page_id=542","title":{"rendered":"Trasee"},"content":{"rendered":"\t\t<div data-elementor-type=\"wp-post\" data-elementor-id=\"542\" class=\"elementor elementor-542\">\n\t\t\t\t\t\t<section class=\"elementor-section elementor-top-section elementor-element elementor-element-33a79095 elementor-section-boxed elementor-section-height-default elementor-section-height-default\" data-id=\"33a79095\" data-element_type=\"section\" data-settings=\"{&quot;background_background&quot;:&quot;classic&quot;}\">\n\t\t\t\t\t\t\t<div class=\"elementor-background-overlay\"><\/div>\n\t\t\t\t\t\t\t<div class=\"elementor-container elementor-column-gap-default\">\n\t\t\t\t\t<div class=\"elementor-column elementor-col-100 elementor-top-column elementor-element elementor-element-3706530d\" data-id=\"3706530d\" data-element_type=\"column\">\n\t\t\t<div class=\"elementor-widget-wrap elementor-element-populated\">\n\t\t\t\t\t\t<div class=\"elementor-element elementor-element-537de1f elementor-widget elementor-widget-heading\" data-id=\"537de1f\" data-element_type=\"widget\" data-widget_type=\"heading.default\">\n\t\t\t\t<div class=\"elementor-widget-container\">\n\t\t\t\t\t<h1 class=\"elementor-heading-title elementor-size-default\">Trasee<\/h1>\t\t\t\t<\/div>\n\t\t\t\t<\/div>\n\t\t\t\t\t<\/div>\n\t\t<\/div>\n\t\t\t\t\t<\/div>\n\t\t<\/section>\n\t\t\t\t<section class=\"elementor-section elementor-top-section elementor-element elementor-element-2dbed9a elementor-section-boxed elementor-section-height-default elementor-section-height-default\" data-id=\"2dbed9a\" data-element_type=\"section\">\n\t\t\t\t\t\t<div class=\"elementor-container elementor-column-gap-default\">\n\t\t\t\t\t<div class=\"elementor-column elementor-col-100 elementor-top-column elementor-element elementor-element-1ca627b\" data-id=\"1ca627b\" data-element_type=\"column\">\n\t\t\t<div class=\"elementor-widget-wrap elementor-element-populated\">\n\t\t\t\t\t\t<div class=\"elementor-element elementor-element-42fd904 elementor-widget elementor-widget-heading\" data-id=\"42fd904\" data-element_type=\"widget\" data-widget_type=\"heading.default\">\n\t\t\t\t<div class=\"elementor-widget-container\">\n\t\t\t\t\t<h2 class=\"elementor-heading-title elementor-size-default\">Alege unul dintre traseele noastre<\/h2>\t\t\t\t<\/div>\n\t\t\t\t<\/div>\n\t\t\t\t<div class=\"elementor-element elementor-element-432499d elementor-widget-divider--view-line elementor-widget elementor-widget-divider\" data-id=\"432499d\" data-element_type=\"widget\" data-widget_type=\"divider.default\">\n\t\t\t\t<div class=\"elementor-widget-container\">\n\t\t\t\t\t\t\t<div class=\"elementor-divider\">\n\t\t\t<span class=\"elementor-divider-separator\">\n\t\t\t\t\t\t<\/span>\n\t\t<\/div>\n\t\t\t\t\t\t<\/div>\n\t\t\t\t<\/div>\n\t\t\t\t<div class=\"elementor-element elementor-element-8dff22f elementor-widget elementor-widget-text-editor\" data-id=\"8dff22f\" data-element_type=\"widget\" data-widget_type=\"text-editor.default\">\n\t\t\t\t<div class=\"elementor-widget-container\">\n\t\t\t\t\t\t\t\t\t<p>\u00a0\u00a0\u00a0\u00a0\u00a0\u00a0\u00a0\u00a0\u00a0\u00a0 Toate tururile \u00eencep cu un instructaj prin care s\u0103 \u00een\u021belegi cum func\u021bioneaz\u0103 \u0219i cum se manevreaz\u0103 un ATV sau o biciclet\u0103 electric\u0103 \u0219i continu\u0103 al\u0103turi de un ghid care cunoa\u0219te foarte bine zona \u0219i care se va asigura c\u0103 drume\u021bia merge conform planului.<\/p>\t\t\t\t\t\t\t\t<\/div>\n\t\t\t\t<\/div>\n\t\t\t\t<div class=\"elementor-element elementor-element-71a6da0 elementor-widget elementor-widget-heading\" data-id=\"71a6da0\" data-element_type=\"widget\" data-widget_type=\"heading.default\">\n\t\t\t\t<div class=\"elementor-widget-container\">\n\t\t\t\t\t<h2 class=\"elementor-heading-title elementor-size-default\">Trasee ATV<\/h2>\t\t\t\t<\/div>\n\t\t\t\t<\/div>\n\t\t\t\t\t<\/div>\n\t\t<\/div>\n\t\t\t\t\t<\/div>\n\t\t<\/section>\n\t\t\t\t<section class=\"elementor-section elementor-inner-section elementor-element elementor-element-d6c60ea elementor-section-boxed elementor-section-height-default elementor-section-height-default elementor-invisible\" data-id=\"d6c60ea\" data-element_type=\"section\" data-settings=\"{&quot;animation&quot;:&quot;fadeInLeft&quot;}\">\n\t\t\t\t\t\t<div class=\"elementor-container elementor-column-gap-default\">\n\t\t\t\t\t<div class=\"elementor-column elementor-col-50 elementor-inner-column elementor-element elementor-element-f20a204\" data-id=\"f20a204\" data-element_type=\"column\">\n\t\t\t<div class=\"elementor-widget-wrap elementor-element-populated\">\n\t\t\t\t\t\t<div class=\"elementor-element elementor-element-bfd172b elementor-widget elementor-widget-image\" data-id=\"bfd172b\" data-element_type=\"widget\" data-widget_type=\"image.default\">\n\t\t\t\t<div class=\"elementor-widget-container\">\n\t\t\t\t\t\t\t\t\t\t\t\t\t\t\t<img decoding=\"async\" src=\"http:\/\/atv-carasova.com\/wp-content\/uploads\/2022\/09\/TraseulSatelorCroate.png\" title=\"\" alt=\"\" loading=\"lazy\" \/>\t\t\t\t\t\t\t\t\t\t\t\t\t\t\t<\/div>\n\t\t\t\t<\/div>\n\t\t\t\t<div class=\"elementor-element elementor-element-d0c44fe elementor-widget elementor-widget-image-box\" data-id=\"d0c44fe\" data-element_type=\"widget\" data-widget_type=\"image-box.default\">\n\t\t\t\t<div class=\"elementor-widget-container\">\n\t\t\t\t\t<div class=\"elementor-image-box-wrapper\"><div class=\"elementor-image-box-content\"><h5 class=\"elementor-image-box-title\">Turul localit\u0103\u021bilor croate<\/h5><p class=\"elementor-image-box-description\">Cara\u0219ova-Rafnic-Vodnic-Lupac-Clocotici-Nermed-Iabalcea-op\u021bional picnic sau vizitare \u201eSala\u0161 u Bregu\u201d, \u201eLa S\u0103la\u0219ul fermecat\u201d<\/p><\/div><\/div>\t\t\t\t<\/div>\n\t\t\t\t<\/div>\n\t\t\t\t<div class=\"elementor-element elementor-element-5612038 elementor-widget elementor-widget-text-editor\" data-id=\"5612038\" data-element_type=\"widget\" data-widget_type=\"text-editor.default\">\n\t\t\t\t<div class=\"elementor-widget-container\">\n\t\t\t\t\t\t\t\t\t<p>Durata: 2 ore<br \/><span lang=\"RO\" style=\"font-size: 14.0pt; mso-bidi-font-size: 11.0pt; line-height: 115%; font-family: 'Times New Roman',serif; mso-fareast-font-family: 'Times New Roman'; mso-fareast-theme-font: minor-fareast; mso-ansi-language: RO; mso-fareast-language: EN-US; mso-bidi-language: AR-SA;\">Dificultate<\/span>: u\u0219or<\/p>\t\t\t\t\t\t\t\t<\/div>\n\t\t\t\t<\/div>\n\t\t\t\t\t<\/div>\n\t\t<\/div>\n\t\t\t\t<div class=\"elementor-column elementor-col-50 elementor-inner-column elementor-element elementor-element-bce40d9\" data-id=\"bce40d9\" data-element_type=\"column\">\n\t\t\t<div class=\"elementor-widget-wrap elementor-element-populated\">\n\t\t\t\t\t\t<div class=\"elementor-element elementor-element-cce00ea elementor-widget elementor-widget-image\" data-id=\"cce00ea\" data-element_type=\"widget\" data-widget_type=\"image.default\">\n\t\t\t\t<div class=\"elementor-widget-container\">\n\t\t\t\t\t\t\t\t\t\t\t\t\t\t\t<img fetchpriority=\"high\" decoding=\"async\" width=\"1024\" height=\"639\" src=\"https:\/\/atv-carasova.com\/wp-content\/uploads\/2022\/09\/298289407_5383237521754856_8438805744564434537_n-1024x639.jpg\" class=\"attachment-large size-large wp-image-801\" alt=\"\" srcset=\"https:\/\/atv-carasova.com\/wp-content\/uploads\/2022\/09\/298289407_5383237521754856_8438805744564434537_n-1024x639.jpg 1024w, https:\/\/atv-carasova.com\/wp-content\/uploads\/2022\/09\/298289407_5383237521754856_8438805744564434537_n-300x187.jpg 300w, https:\/\/atv-carasova.com\/wp-content\/uploads\/2022\/09\/298289407_5383237521754856_8438805744564434537_n-768x479.jpg 768w, https:\/\/atv-carasova.com\/wp-content\/uploads\/2022\/09\/298289407_5383237521754856_8438805744564434537_n.jpg 1536w\" sizes=\"(max-width: 1024px) 100vw, 1024px\" \/>\t\t\t\t\t\t\t\t\t\t\t\t\t\t\t<\/div>\n\t\t\t\t<\/div>\n\t\t\t\t<div class=\"elementor-element elementor-element-c17baf9 elementor-widget elementor-widget-image-box\" data-id=\"c17baf9\" data-element_type=\"widget\" data-widget_type=\"image-box.default\">\n\t\t\t\t<div class=\"elementor-widget-container\">\n\t\t\t\t\t<div class=\"elementor-image-box-wrapper\"><div class=\"elementor-image-box-content\"><h5 class=\"elementor-image-box-title\">Parcul Na\u021bional Semenic-Cheile Cara\u0219ului <\/h5><p class=\"elementor-image-box-description\">Cara\u0219ova-Iabalcea-obiective turistice Parcul Na\u021bional Semenic-Cheile Cara\u0219ului-Crivaia<br><\/p><\/div><\/div>\t\t\t\t<\/div>\n\t\t\t\t<\/div>\n\t\t\t\t<div class=\"elementor-element elementor-element-9bebfa4 elementor-widget elementor-widget-text-editor\" data-id=\"9bebfa4\" data-element_type=\"widget\" data-widget_type=\"text-editor.default\">\n\t\t\t\t<div class=\"elementor-widget-container\">\n\t\t\t\t\t\t\t\t\t<p><span style=\"font-style: inherit; font-weight: inherit; background-color: var(--ast-global-color-4); color: var(--ast-global-color-3);\">Durata: 6 ore<\/span><br><span lang=\"RO\" style=\"font-size:14.0pt;mso-bidi-font-size:\n11.0pt;line-height:115%;font-family:&quot;Times New Roman&quot;,serif;mso-fareast-font-family:\n&quot;Times New Roman&quot;;mso-fareast-theme-font:minor-fareast;mso-ansi-language:RO;\nmso-fareast-language:EN-US;mso-bidi-language:AR-SA\">Dificultate<\/span><span style=\"font-style: inherit; font-weight: inherit; background-color: var(--ast-global-color-4); color: var(--ast-global-color-3);\">: greu<\/span><\/p>\t\t\t\t\t\t\t\t<\/div>\n\t\t\t\t<\/div>\n\t\t\t\t\t<\/div>\n\t\t<\/div>\n\t\t\t\t\t<\/div>\n\t\t<\/section>\n\t\t\t\t<section class=\"elementor-section elementor-inner-section elementor-element elementor-element-3dca23c elementor-section-boxed elementor-section-height-default elementor-section-height-default elementor-invisible\" data-id=\"3dca23c\" data-element_type=\"section\" data-settings=\"{&quot;animation&quot;:&quot;fadeInLeft&quot;}\">\n\t\t\t\t\t\t<div class=\"elementor-container elementor-column-gap-default\">\n\t\t\t\t\t<div class=\"elementor-column elementor-col-50 elementor-inner-column elementor-element elementor-element-f58b4c4\" data-id=\"f58b4c4\" data-element_type=\"column\">\n\t\t\t<div class=\"elementor-widget-wrap elementor-element-populated\">\n\t\t\t\t\t\t<div class=\"elementor-element elementor-element-d7fa0e3 elementor-widget elementor-widget-image\" data-id=\"d7fa0e3\" data-element_type=\"widget\" data-widget_type=\"image.default\">\n\t\t\t\t<div class=\"elementor-widget-container\">\n\t\t\t\t\t\t\t\t\t\t\t\t\t\t\t<img decoding=\"async\" width=\"1024\" height=\"639\" src=\"https:\/\/atv-carasova.com\/wp-content\/uploads\/2022\/09\/comarnic2-1024x639.jpg\" class=\"attachment-large size-large wp-image-786\" alt=\"\" srcset=\"https:\/\/atv-carasova.com\/wp-content\/uploads\/2022\/09\/comarnic2-1024x639.jpg 1024w, https:\/\/atv-carasova.com\/wp-content\/uploads\/2022\/09\/comarnic2-300x187.jpg 300w, https:\/\/atv-carasova.com\/wp-content\/uploads\/2022\/09\/comarnic2-768x479.jpg 768w, https:\/\/atv-carasova.com\/wp-content\/uploads\/2022\/09\/comarnic2-1536x959.jpg 1536w, https:\/\/atv-carasova.com\/wp-content\/uploads\/2022\/09\/comarnic2.jpg 2048w\" sizes=\"(max-width: 1024px) 100vw, 1024px\" \/>\t\t\t\t\t\t\t\t\t\t\t\t\t\t\t<\/div>\n\t\t\t\t<\/div>\n\t\t\t\t<div class=\"elementor-element elementor-element-66bbc4f elementor-widget elementor-widget-image-box\" data-id=\"66bbc4f\" data-element_type=\"widget\" data-widget_type=\"image-box.default\">\n\t\t\t\t<div class=\"elementor-widget-container\">\n\t\t\t\t\t<div class=\"elementor-image-box-wrapper\"><div class=\"elementor-image-box-content\"><h5 class=\"elementor-image-box-title\">Pe\u0219tera Comarnic<\/h5><p class=\"elementor-image-box-description\">Cara\u0219ova-Iabalcea-Pe\u0219tera Comarnic<\/p><\/div><\/div>\t\t\t\t<\/div>\n\t\t\t\t<\/div>\n\t\t\t\t<div class=\"elementor-element elementor-element-e93d5dd elementor-widget elementor-widget-text-editor\" data-id=\"e93d5dd\" data-element_type=\"widget\" data-widget_type=\"text-editor.default\">\n\t\t\t\t<div class=\"elementor-widget-container\">\n\t\t\t\t\t\t\t\t\t<p>Durata: 2 ore<br><span lang=\"RO\" style=\"font-size:14.0pt;mso-bidi-font-size:\n11.0pt;line-height:115%;font-family:&quot;Times New Roman&quot;,serif;mso-fareast-font-family:\n&quot;Times New Roman&quot;;mso-fareast-theme-font:minor-fareast;mso-ansi-language:RO;\nmso-fareast-language:EN-US;mso-bidi-language:AR-SA\">Dificultate<\/span>: mediu<\/p>\t\t\t\t\t\t\t\t<\/div>\n\t\t\t\t<\/div>\n\t\t\t\t\t<\/div>\n\t\t<\/div>\n\t\t\t\t<div class=\"elementor-column elementor-col-50 elementor-inner-column elementor-element elementor-element-31ca30b\" data-id=\"31ca30b\" data-element_type=\"column\">\n\t\t\t<div class=\"elementor-widget-wrap elementor-element-populated\">\n\t\t\t\t\t\t<div class=\"elementor-element elementor-element-238cce3 elementor-widget elementor-widget-image\" data-id=\"238cce3\" data-element_type=\"widget\" data-widget_type=\"image.default\">\n\t\t\t\t<div class=\"elementor-widget-container\">\n\t\t\t\t\t\t\t\t\t\t\t\t\t\t\t<img decoding=\"async\" width=\"1024\" height=\"640\" src=\"https:\/\/atv-carasova.com\/wp-content\/uploads\/2022\/09\/251030555_2364023933734398_5310183510764474119_n-1024x640.jpg\" class=\"attachment-large size-large wp-image-800\" alt=\"\" srcset=\"https:\/\/atv-carasova.com\/wp-content\/uploads\/2022\/09\/251030555_2364023933734398_5310183510764474119_n-1024x640.jpg 1024w, https:\/\/atv-carasova.com\/wp-content\/uploads\/2022\/09\/251030555_2364023933734398_5310183510764474119_n-300x187.jpg 300w, https:\/\/atv-carasova.com\/wp-content\/uploads\/2022\/09\/251030555_2364023933734398_5310183510764474119_n-768x480.jpg 768w, https:\/\/atv-carasova.com\/wp-content\/uploads\/2022\/09\/251030555_2364023933734398_5310183510764474119_n-1536x959.jpg 1536w, https:\/\/atv-carasova.com\/wp-content\/uploads\/2022\/09\/251030555_2364023933734398_5310183510764474119_n.jpg 2048w\" sizes=\"(max-width: 1024px) 100vw, 1024px\" \/>\t\t\t\t\t\t\t\t\t\t\t\t\t\t\t<\/div>\n\t\t\t\t<\/div>\n\t\t\t\t<div class=\"elementor-element elementor-element-00d7c15 elementor-widget elementor-widget-image-box\" data-id=\"00d7c15\" data-element_type=\"widget\" data-widget_type=\"image-box.default\">\n\t\t\t\t<div class=\"elementor-widget-container\">\n\t\t\t\t\t<div class=\"elementor-image-box-wrapper\"><div class=\"elementor-image-box-content\"><h5 class=\"elementor-image-box-title\">Panorama localit\u0103\u021bii Cara\u0219ova<\/h5><p class=\"elementor-image-box-description\">Cara\u0219ova-dealul Pinet<\/p><\/div><\/div>\t\t\t\t<\/div>\n\t\t\t\t<\/div>\n\t\t\t\t<div class=\"elementor-element elementor-element-5931695 elementor-widget elementor-widget-text-editor\" data-id=\"5931695\" data-element_type=\"widget\" data-widget_type=\"text-editor.default\">\n\t\t\t\t<div class=\"elementor-widget-container\">\n\t\t\t\t\t\t\t\t\t<p>Durata: 1 or\u0103<br><span lang=\"RO\" style=\"font-size:14.0pt;mso-bidi-font-size:\n11.0pt;line-height:115%;font-family:&quot;Times New Roman&quot;,serif;mso-fareast-font-family:\n&quot;Times New Roman&quot;;mso-fareast-theme-font:minor-fareast;mso-ansi-language:RO;\nmso-fareast-language:EN-US;mso-bidi-language:AR-SA\">Dificultate<\/span>: mediu<\/p>\t\t\t\t\t\t\t\t<\/div>\n\t\t\t\t<\/div>\n\t\t\t\t\t<\/div>\n\t\t<\/div>\n\t\t\t\t\t<\/div>\n\t\t<\/section>\n\t\t\t\t<section class=\"elementor-section elementor-inner-section elementor-element elementor-element-da5ef4c elementor-section-boxed elementor-section-height-default elementor-section-height-default elementor-invisible\" data-id=\"da5ef4c\" data-element_type=\"section\" data-settings=\"{&quot;animation&quot;:&quot;fadeInLeft&quot;}\">\n\t\t\t\t\t\t<div class=\"elementor-container elementor-column-gap-default\">\n\t\t\t\t\t<div class=\"elementor-column elementor-col-50 elementor-inner-column elementor-element elementor-element-e2ab850\" data-id=\"e2ab850\" data-element_type=\"column\">\n\t\t\t<div class=\"elementor-widget-wrap elementor-element-populated\">\n\t\t\t\t\t\t<div class=\"elementor-element elementor-element-e98145a elementor-widget elementor-widget-image\" data-id=\"e98145a\" data-element_type=\"widget\" data-widget_type=\"image.default\">\n\t\t\t\t<div class=\"elementor-widget-container\">\n\t\t\t\t\t\t\t\t\t\t\t\t\t\t\t<img decoding=\"async\" src=\"https:\/\/atv-carasova.com\/wp-content\/uploads\/2023\/06\/120272990_2897579763789461_5319056822167541746_n.jpg\" title=\"120272990_2897579763789461_5319056822167541746_n\" alt=\"120272990_2897579763789461_5319056822167541746_n\" loading=\"lazy\" \/>\t\t\t\t\t\t\t\t\t\t\t\t\t\t\t<\/div>\n\t\t\t\t<\/div>\n\t\t\t\t<div class=\"elementor-element elementor-element-9e8ab92 elementor-widget elementor-widget-image-box\" data-id=\"9e8ab92\" data-element_type=\"widget\" data-widget_type=\"image-box.default\">\n\t\t\t\t<div class=\"elementor-widget-container\">\n\t\t\t\t\t<div class=\"elementor-image-box-wrapper\"><div class=\"elementor-image-box-content\"><h5 class=\"elementor-image-box-title\">Panorama Cetatea Turcului <\/h5><p class=\"elementor-image-box-description\">Cara\u0219ova-Cetatea Turcului<\/p><\/div><\/div>\t\t\t\t<\/div>\n\t\t\t\t<\/div>\n\t\t\t\t<div class=\"elementor-element elementor-element-0e1d4ef elementor-widget elementor-widget-text-editor\" data-id=\"0e1d4ef\" data-element_type=\"widget\" data-widget_type=\"text-editor.default\">\n\t\t\t\t<div class=\"elementor-widget-container\">\n\t\t\t\t\t\t\t\t\t<p>Durata: 1 or\u0103<br \/><span lang=\"RO\" style=\"font-size: 14.0pt; mso-bidi-font-size: 11.0pt; line-height: 115%; font-family: 'Times New Roman',serif; mso-fareast-font-family: 'Times New Roman'; mso-fareast-theme-font: minor-fareast; mso-ansi-language: RO; mso-fareast-language: EN-US; mso-bidi-language: AR-SA;\">Dificultate<\/span>: mediu<\/p>\t\t\t\t\t\t\t\t<\/div>\n\t\t\t\t<\/div>\n\t\t\t\t\t<\/div>\n\t\t<\/div>\n\t\t\t\t<div class=\"elementor-column elementor-col-50 elementor-inner-column elementor-element elementor-element-6ff9c7f\" data-id=\"6ff9c7f\" data-element_type=\"column\">\n\t\t\t<div class=\"elementor-widget-wrap elementor-element-populated\">\n\t\t\t\t\t\t<div class=\"elementor-element elementor-element-9dda49f elementor-widget elementor-widget-image\" data-id=\"9dda49f\" data-element_type=\"widget\" data-widget_type=\"image.default\">\n\t\t\t\t<div class=\"elementor-widget-container\">\n\t\t\t\t\t\t\t\t\t\t\t\t\t\t\t<img loading=\"lazy\" decoding=\"async\" width=\"1024\" height=\"639\" src=\"https:\/\/atv-carasova.com\/wp-content\/uploads\/2022\/09\/pinet-1024x639.jpg\" class=\"attachment-large size-large wp-image-798\" alt=\"\" srcset=\"https:\/\/atv-carasova.com\/wp-content\/uploads\/2022\/09\/pinet-1024x639.jpg 1024w, https:\/\/atv-carasova.com\/wp-content\/uploads\/2022\/09\/pinet-300x187.jpg 300w, https:\/\/atv-carasova.com\/wp-content\/uploads\/2022\/09\/pinet-768x479.jpg 768w, https:\/\/atv-carasova.com\/wp-content\/uploads\/2022\/09\/pinet.jpg 1462w\" sizes=\"(max-width: 1024px) 100vw, 1024px\" \/>\t\t\t\t\t\t\t\t\t\t\t\t\t\t\t<\/div>\n\t\t\t\t<\/div>\n\t\t\t\t<div class=\"elementor-element elementor-element-c952fa7 elementor-widget elementor-widget-image-box\" data-id=\"c952fa7\" data-element_type=\"widget\" data-widget_type=\"image-box.default\">\n\t\t\t\t<div class=\"elementor-widget-container\">\n\t\t\t\t\t<div class=\"elementor-image-box-wrapper\"><div class=\"elementor-image-box-content\"><h5 class=\"elementor-image-box-title\">Turul localit\u0103\u021bii Cara\u0219ova<\/h5><p class=\"elementor-image-box-description\">Cara\u0219ova-op\u021bional picnic sau vizitare \u201eLavand\u0103 Cara\u0219ova\u201d<\/p><\/div><\/div>\t\t\t\t<\/div>\n\t\t\t\t<\/div>\n\t\t\t\t<div class=\"elementor-element elementor-element-b2a205c elementor-widget elementor-widget-text-editor\" data-id=\"b2a205c\" data-element_type=\"widget\" data-widget_type=\"text-editor.default\">\n\t\t\t\t<div class=\"elementor-widget-container\">\n\t\t\t\t\t\t\t\t\t<p>Durata: 1 or\u0103<br \/><span lang=\"RO\" style=\"font-size: 14.0pt; mso-bidi-font-size: 11.0pt; line-height: 115%; font-family: 'Times New Roman',serif; mso-fareast-font-family: 'Times New Roman'; mso-fareast-theme-font: minor-fareast; mso-ansi-language: RO; mso-fareast-language: EN-US; mso-bidi-language: AR-SA;\">Dificultate<\/span>: u\u0219or<\/p>\t\t\t\t\t\t\t\t<\/div>\n\t\t\t\t<\/div>\n\t\t\t\t\t<\/div>\n\t\t<\/div>\n\t\t\t\t\t<\/div>\n\t\t<\/section>\n\t\t\t\t<section class=\"elementor-section elementor-top-section elementor-element elementor-element-a1e1644 elementor-section-boxed elementor-section-height-default elementor-section-height-default elementor-invisible\" data-id=\"a1e1644\" data-element_type=\"section\" data-settings=\"{&quot;animation&quot;:&quot;fadeInRight&quot;}\">\n\t\t\t\t\t\t<div class=\"elementor-container elementor-column-gap-default\">\n\t\t\t\t\t<div class=\"elementor-column elementor-col-100 elementor-top-column elementor-element elementor-element-905c2d8\" data-id=\"905c2d8\" data-element_type=\"column\">\n\t\t\t<div class=\"elementor-widget-wrap elementor-element-populated\">\n\t\t\t\t\t\t<div class=\"elementor-element elementor-element-81bd5f2 elementor-widget-divider--view-line elementor-widget elementor-widget-divider\" data-id=\"81bd5f2\" data-element_type=\"widget\" data-widget_type=\"divider.default\">\n\t\t\t\t<div class=\"elementor-widget-container\">\n\t\t\t\t\t\t\t<div class=\"elementor-divider\">\n\t\t\t<span class=\"elementor-divider-separator\">\n\t\t\t\t\t\t<\/span>\n\t\t<\/div>\n\t\t\t\t\t\t<\/div>\n\t\t\t\t<\/div>\n\t\t\t\t<div class=\"elementor-element elementor-element-52df3d1 elementor-widget elementor-widget-heading\" data-id=\"52df3d1\" data-element_type=\"widget\" data-widget_type=\"heading.default\">\n\t\t\t\t<div class=\"elementor-widget-container\">\n\t\t\t\t\t<h2 class=\"elementor-heading-title elementor-size-default\">Trasee e-Bike<\/h2>\t\t\t\t<\/div>\n\t\t\t\t<\/div>\n\t\t\t\t\t<\/div>\n\t\t<\/div>\n\t\t\t\t\t<\/div>\n\t\t<\/section>\n\t\t\t\t<section class=\"elementor-section elementor-inner-section elementor-element elementor-element-382a251 elementor-section-boxed elementor-section-height-default elementor-section-height-default elementor-invisible\" data-id=\"382a251\" data-element_type=\"section\" data-settings=\"{&quot;animation&quot;:&quot;fadeInLeft&quot;}\">\n\t\t\t\t\t\t<div class=\"elementor-container elementor-column-gap-default\">\n\t\t\t\t\t<div class=\"elementor-column elementor-col-50 elementor-inner-column elementor-element elementor-element-15660d1\" data-id=\"15660d1\" data-element_type=\"column\">\n\t\t\t<div class=\"elementor-widget-wrap elementor-element-populated\">\n\t\t\t\t\t\t<div class=\"elementor-element elementor-element-91d1e99 elementor-widget elementor-widget-image\" data-id=\"91d1e99\" data-element_type=\"widget\" data-widget_type=\"image.default\">\n\t\t\t\t<div class=\"elementor-widget-container\">\n\t\t\t\t\t\t\t\t\t\t\t\t\t\t\t<img loading=\"lazy\" decoding=\"async\" width=\"1024\" height=\"576\" src=\"https:\/\/atv-carasova.com\/wp-content\/uploads\/2022\/09\/vlcsnap-2021-09-15-22h09m28s985-1024x576.png\" class=\"attachment-large size-large wp-image-553\" alt=\"\" srcset=\"https:\/\/atv-carasova.com\/wp-content\/uploads\/2022\/09\/vlcsnap-2021-09-15-22h09m28s985-1024x576.png 1024w, https:\/\/atv-carasova.com\/wp-content\/uploads\/2022\/09\/vlcsnap-2021-09-15-22h09m28s985-300x169.png 300w, https:\/\/atv-carasova.com\/wp-content\/uploads\/2022\/09\/vlcsnap-2021-09-15-22h09m28s985-768x432.png 768w, https:\/\/atv-carasova.com\/wp-content\/uploads\/2022\/09\/vlcsnap-2021-09-15-22h09m28s985-1536x864.png 1536w, https:\/\/atv-carasova.com\/wp-content\/uploads\/2022\/09\/vlcsnap-2021-09-15-22h09m28s985.png 1920w\" sizes=\"(max-width: 1024px) 100vw, 1024px\" \/>\t\t\t\t\t\t\t\t\t\t\t\t\t\t\t<\/div>\n\t\t\t\t<\/div>\n\t\t\t\t<div class=\"elementor-element elementor-element-65ab5bc elementor-widget elementor-widget-image-box\" data-id=\"65ab5bc\" data-element_type=\"widget\" data-widget_type=\"image-box.default\">\n\t\t\t\t<div class=\"elementor-widget-container\">\n\t\t\t\t\t<div class=\"elementor-image-box-wrapper\"><div class=\"elementor-image-box-content\"><h5 class=\"elementor-image-box-title\">Turul localit\u0103\u021bii Cara\u0219ova<\/h5><p class=\"elementor-image-box-description\">\u00cen jurul localit\u0103\u021bii Cara\u0219ova<\/p><\/div><\/div>\t\t\t\t<\/div>\n\t\t\t\t<\/div>\n\t\t\t\t<div class=\"elementor-element elementor-element-996c62d elementor-widget elementor-widget-text-editor\" data-id=\"996c62d\" data-element_type=\"widget\" data-widget_type=\"text-editor.default\">\n\t\t\t\t<div class=\"elementor-widget-container\">\n\t\t\t\t\t\t\t\t\t<p>Durata: 2 ore<br \/>Dificultate: u\u0219or<\/p>\t\t\t\t\t\t\t\t<\/div>\n\t\t\t\t<\/div>\n\t\t\t\t\t<\/div>\n\t\t<\/div>\n\t\t\t\t<div class=\"elementor-column elementor-col-50 elementor-inner-column elementor-element elementor-element-d17be2e\" data-id=\"d17be2e\" data-element_type=\"column\">\n\t\t\t<div class=\"elementor-widget-wrap elementor-element-populated\">\n\t\t\t\t\t\t\t<\/div>\n\t\t<\/div>\n\t\t\t\t\t<\/div>\n\t\t<\/section>\n\t\t\t\t<\/div>\n\t\t","protected":false},"excerpt":{"rendered":"<p>Trasee Alege unul dintre traseele noastre \u00a0\u00a0\u00a0\u00a0\u00a0\u00a0\u00a0\u00a0\u00a0\u00a0 Toate tururile \u00eencep cu un instructaj prin care s\u0103 \u00een\u021belegi cum func\u021bioneaz\u0103 \u0219i cum se manevreaz\u0103 un ATV sau o biciclet\u0103 electric\u0103 \u0219i continu\u0103 al\u0103turi de un ghid care cunoa\u0219te foarte bine zona \u0219i care se va asigura c\u0103 drume\u021bia merge conform planului. Trasee ATV Turul localit\u0103\u021bilor croate &hellip;<\/p>\n<p class=\"read-more\"> <a class=\"\" href=\"https:\/\/atv-carasova.com\/?page_id=542\"> <span class=\"screen-reader-text\">Trasee<\/span> Read More &raquo;<\/a><\/p>\n","protected":false},"author":1,"featured_media":0,"parent":0,"menu_order":0,"comment_status":"closed","ping_status":"closed","template":"","meta":{"site-sidebar-layout":"no-sidebar","site-content-layout":"page-builder","ast-global-header-display":"","ast-banner-title-visibility":"","ast-main-header-display":"","ast-hfb-above-header-display":"","ast-hfb-below-header-display":"","ast-hfb-mobile-header-display":"","site-post-title":"disabled","ast-breadcrumbs-content":"","ast-featured-img":"disabled","footer-sml-layout":"","theme-transparent-header-meta":"enabled","adv-header-id-meta":"","stick-header-meta":"","header-above-stick-meta":"","header-main-stick-meta":"","header-below-stick-meta":"","footnotes":""},"class_list":["post-542","page","type-page","status-publish","hentry"],"_links":{"self":[{"href":"https:\/\/atv-carasova.com\/index.php?rest_route=\/wp\/v2\/pages\/542","targetHints":{"allow":["GET"]}}],"collection":[{"href":"https:\/\/atv-carasova.com\/index.php?rest_route=\/wp\/v2\/pages"}],"about":[{"href":"https:\/\/atv-carasova.com\/index.php?rest_route=\/wp\/v2\/types\/page"}],"author":[{"embeddable":true,"href":"https:\/\/atv-carasova.com\/index.php?rest_route=\/wp\/v2\/users\/1"}],"replies":[{"embeddable":true,"href":"https:\/\/atv-carasova.com\/index.php?rest_route=%2Fwp%2Fv2%2Fcomments&post=542"}],"version-history":[{"count":3,"href":"https:\/\/atv-carasova.com\/index.php?rest_route=\/wp\/v2\/pages\/542\/revisions"}],"predecessor-version":[{"id":1203,"href":"https:\/\/atv-carasova.com\/index.php?rest_route=\/wp\/v2\/pages\/542\/revisions\/1203"}],"wp:attachment":[{"href":"https:\/\/atv-carasova.com\/index.php?rest_route=%2Fwp%2Fv2%2Fmedia&parent=542"}],"curies":[{"name":"wp","href":"https:\/\/api.w.org\/{rel}","templated":true}]}}